{"id":3950,"date":"2017-06-19T09:25:23","date_gmt":"2017-06-19T09:25:23","guid":{"rendered":"https:\/\/www.grupopim.com\/?page_id=3950\/"},"modified":"2017-06-19T09:25:23","modified_gmt":"2017-06-19T09:25:23","slug":"aviso-legal-y-politica-de-privacidad","status":"publish","type":"page","link":"https:\/\/www.grupopim.com\/mx\/aviso-legal-y-politica-de-privacidad\/","title":{"rendered":"Aviso legal y pol\u00edtica de privacidad"},"content":{"rendered":"<p><strong>AVISO LEGAL<\/strong><\/p>\n<p>DATOS IDENTIFICATIVOS: En cumplimiento con el deber de informaci\u00f3n recogido en el Art. 10 de la Ley 34\/2002, de 11 de julio, de Servicios de la Sociedad de la Informaci\u00f3n y el Comercio Electr\u00f3nico, a continuaci\u00f3n se indican los siguientes datos identificativos:<\/p>\n<p>Titular del dominio: <strong>PARQUE INDUSTRIAL MECANIZADO, S.L.U.<\/strong><\/p>\n<p>C.I.F.: B-99.133.597<\/p>\n<p>Domicilio: P.I. Montecicos, C\/A, N12, Caba\u00f1as de Ebro (C.P. 50638), Zaragoza<\/p>\n<p>&nbsp;<\/p>\n<p>USUARIOS: El acceso y\/o uso de este portal de PARQUE INDUSTRIAL MECANIZADO, S.L.U. atribuye la condici\u00f3n de USUARIO, que acepta, desde dicho acceso y\/o uso, las Condiciones Generales de Uso aqu\u00ed reflejadas.<\/p>\n<p>&nbsp;<\/p>\n<p>USO DEL PORTAL: <a href=\"https:\/\/www.grupopim.com\">grupopim.com<\/a> proporciona el acceso a distintas informaciones, servicios, programas o datos en Internet (en adelante \u201clos contenidos\u201d), pertenecientes a PARQUE INDUSTRIAL MECANIZADO, S.L.U. a los que el USUARIO pueda tener acceso. El USUARIO asume la responsabilidad del uso del portal. Dicha responsabilidad se extiende al registro que fuere necesario para acceder en su caso a determinados servicios o contenidos de la p\u00e1gina. En dicho registro el USUARIO ser\u00e1 responsable de comunicar informaci\u00f3n veraz y l\u00edcita.<\/p>\n<p>&nbsp;<\/p>\n<p>El USUARIO se compromete a hacer un uso adecuado de los contenidos y servicios que PARQUE INDUSTRIAL MECANIZADO, S.L.U. ofrece a trav\u00e9s de este portal y con car\u00e1cter enunciativo y no limitativo, a no emplearlos para (i) incurrir en actividades il\u00edcitas, ilegales o contrarias a la buena fe y al orden p\u00fablico; (ii) difundir contenidos o propaganda de car\u00e1cter racista, xen\u00f3fobo, pronogr\u00e1fico-ilegal, de apolog\u00eda del terrorismo o atentatorio contra los derechos humanos; (iii) provocar da\u00f1os en los sistemas f\u00edsicos y l\u00f3gicos de PARQUE INDUSTRIAL MECANIZADO, S.L.U., de sus proveedores o de terceras personas, introducir o difundir en la red virus inform\u00e1ticos o cualesquiera otros sistemas f\u00edsicos o l\u00f3gicos que sean susceptibles de provocar los da\u00f1os anteriormente mencionados; (iv) intentar acceder y, en su caso, utilizar las cuentas de correo electr\u00f3nico de otros usuarios y modificar o manipular sus mensajes. PARQUE INDUSTRIAL DEL MECANIZADO, S.L.U. se reserva el derecho de retirar todos aquellos comentarios y aportaciones que vulneren el respeto a la dignidad de la persona, que sean discriminatorios, xen\u00f3fobos, racistas, pornogr\u00e1ficos, que atenten contra la juventud o la infancia, el orden o la seguridad p\u00fablica o que, a su juicio, no resultaran adecuados para su publicaci\u00f3n. En cualquier caso, PARQUE INDUSTRIAL DEL MECANIZADO, S.L.U. no ser\u00e1 responsable de las opiniones vertidas por los usuarios a trav\u00e9s de los foros, chats, u otras herramientas de participaci\u00f3n.<\/p>\n<p>&nbsp;<\/p>\n<p>PROTECCI\u00d3N DE DATOS: PARQUE INDUSTRIAL DEL MECANIZADO, S.L.U. cumple con lo previsto en la Ley Org\u00e1nica 15\/1999, de 13 de diciembre, de Protecci\u00f3n de Datos de Car\u00e1cter Personal, as\u00ed como con lo dispuesto en su Reglamento de desarrollo. Para ello, junto a cada formulario de recabo de datos de car\u00e1cter personal, en los servicios que el usuario pueda solicitar a PARQUE INDUSTRIAL DEL MECANIZADO, S.L.U., se indicar\u00e1 al usuario la existencia y aceptaci\u00f3n de las condiciones particulares del tratamiento de sus datos en cada caso, inform\u00e1ndole de la responsabilidad del fichero creado, la direcci\u00f3n del responsable, la posibilidad de ejercer sus derechos de acceso, rectificaci\u00f3n, cancelaci\u00f3n u oposici\u00f3n, la finalidad del tratamiento y las comunicaciones de datos a terceros en su caso.<\/p>\n<p>&nbsp;<\/p>\n<p>Todas las caracter\u00edsticas de la Protecci\u00f3n de Datos aplicadas en esta p\u00e1gina web se desarrollan en el apartado \u201cPol\u00edtica de Privacidad\u201d<\/p>\n<p>&nbsp;<\/p>\n<p>PROPIEDAD INTELECTUAL E INDUSTRIAL: PARQUE INDUSTRIAL DEL MECANIZADO, S.L.U. por s\u00ed o como cesionaria, es titular de todos los derechos de propiedad intelectual e industrial de su p\u00e1gina web, as\u00ed como de los elementos contenidos en la misma (a t\u00edtulo enunciativo, im\u00e1genes, sonido, audio, v\u00eddeo, software o textos; marcas o logotipos, combinaciones de colores, estructura y dise\u00f1o, selecci\u00f3n de materiales usados, programas de ordenador necesarios para su funcionamiento, acceso y uso, etc.), titularidad de PARQUE INDUSTRIAL DEL MECANIZADO, S.L.U. o bien de sus licenciantes.<\/p>\n<p>&nbsp;<\/p>\n<p>Quedan expresamente prohibidas la reproducci\u00f3n, la distribuci\u00f3n y la comunicaci\u00f3n p\u00fablica, incluida su modalidad de puesta a disposici\u00f3n, de la totalidad o parte de los contenidos de esta p\u00e1gina web, con fines comerciales, en cualquier soporte y por cualquier medio t\u00e9cnico, sin la autorizaci\u00f3n de PARQUE INDUSTRIAL DEL MECANIZADOS, S.L.U. El USUARIO se compromete a respetar los derechos de Propiedad Intelectual e Industrial titularidad de PARQUE INDUSTRIAL DEL MECANIZADO, S.L.U., pudiendo visualizar lo elementos del portal e inclu\u00eds imprimirlos, copiarlos y almacenarlos en el disco duro de su ordenador o en cualquier otro soporte f\u00edsico siempre y cuando sea, \u00fanica y exclusivamente, para su uso personal y privado. EL USUARIO deber\u00e1 abstenerse de suprimir, alterar, eludir o manipular cualquier dispositivo de protecci\u00f3n o sistema de seguridad que estuviera instalado en las p\u00e1ginas de PARQUE INDUSTRIAL DEL MECANIZADO, S.L.U.<\/p>\n<p>&nbsp;<\/p>\n<p>EXCLUSI\u00d3N DE GARANT\u00cdAS Y RESPONSABILIDAD: PARQUE INDUSTRIAL DEL MECANIZADO, S.L.U. no se hace responsable, en ning\u00fan caso, de los da\u00f1os y perjuicios de cualquier naturaleza que pudieran ocasionar, a t\u00edtulo enunciativo, los errores u omisiones en los contenidos, la falta de disponibilidad del portal o la transmisi\u00f3n de virus o programas maliciosos o lesivos en los contenidos, a pesar de haber adoptado todas las medidas tecnol\u00f3gicas necesarias para evitarlo.<\/p>\n<p>&nbsp;<\/p>\n<p>MODIFICACIONES: PARQUE INDUSTRIAL DEL MECANIZADO, S.L.U. se reserva el derecho de efectuar sin previo aviso las modificaciones que considere oportunas en su portal, pudiendo cambiar, suprimir o a\u00f1adir tanto los contenidos y servicios que se presten a trav\u00e9s de la misma como la forma en la que \u00e9stos aparezcan presentados o localizados en el portal.<\/p>\n<p>&nbsp;<\/p>\n<p>ENLACES: En el caso de que en <a href=\"https:\/\/www.grupopim.com\">grupopim.com<\/a> se dispusiesen enlaces o hiperv\u00ednculos hacia otros sitios de Internet, PARQUE INDUSTRIAL DEL MECANIZADO, S.L.U. no ejercer\u00e1 ning\u00fan tipo de control sobre dichos sitios y contenidos. En ning\u00fan caso PARQUE INDUSTRIAL DEL MECANIZADO, S.L.U. asumir\u00e1 responsabilidad alguna por los contenidos de alg\u00fan enlace perteneciente a un sitio web ajeno, ni garantizar\u00e1 la disponibilidad t\u00e9cnica, calidad, fiabilidad, exactitud, amplitud, veracidad, validez y constitucionalidad de cualquier material o informaci\u00f3n contenida en ninguno de dichos hiperv\u00ednculos u otros sitios de Internet. Igualmente la inclusi\u00f3n de estas conexiones externas no implicar\u00e1 ning\u00fan tipo de asociaci\u00f3n, fusi\u00f3n o participaci\u00f3n con las entidades conectadas.<\/p>\n<p>&nbsp;<\/p>\n<p>DERECHO DE EXCLUSI\u00d3N: PARQUE INDUSTRIAL DEL MECANIZADO, S.L.U. se reserva el derecho a denegar o retirar el acceso a portal y\/o los servicios ofrecidos sin necesidad de preaviso, a instancia propia o de un tercero, a aquellos usuarios que incumplan las presentes Condiciones Generales de Uso.<\/p>\n<p>&nbsp;<\/p>\n<p>GENERALIDADES: PARQUE INDUSTRIAL DEL MECANIZADO, S.L.U. perseguir\u00e1 el incumplimiento de las presentes condiciones as\u00ed como cualquier utilizaci\u00f3n indebida de su portal ejerciendo todas las acciones civiles y penales que le puedan corresponder en derecho.<\/p>\n<p>&nbsp;<\/p>\n<p>MODIFICACI\u00d3N DE LAS PRESENTES CONDICIONES Y DURACI\u00d3N: PARQUE INDUSTRIAL DEL MECANIZADO, S.L.U. podr\u00e1 modificar en cualquier momento las condiciones aqu\u00ed determinadas, siendo debidamente publicadas como aqu\u00ed aparecen. La vigencia de las citadas condiciones ir\u00e1 en funci\u00f3n de su exposici\u00f3n y estar\u00e1n vigentes hasta que sean modificadas por otras debidamente publicadas.<\/p>\n<p>&nbsp;<\/p>\n<p>LEGISLACI\u00d3N APLICABLE Y JURISDICCI\u00d3N: La relaci\u00f3n entre PARQUE INDUSTRIAL DEL MECANIZADO, S.L.U. y el USUARIO se regir\u00e1 por la normativa espa\u00f1ola vigente y cualquier controversia se someter\u00e1 a los Juzgados y Tribunales de la ciudad de Zaragoza.<\/p>\n<p>&nbsp;<\/p>\n<p><strong>POL\u00cdTICA DE PRIVACIDAD<\/strong><\/p>\n<p><strong> a) <\/strong>Protecci\u00f3n de datos personales.<\/p>\n<p>Se hace constar expresamente que a trav\u00e9s de la presente p\u00e1gina web, <a href=\"https:\/\/www.grupopim.com\">https:\/\/www.grupopim.com<\/a>, no se recoge ning\u00fan dato personal sin el previo conocimiento y consentimiento prestado por el usuario de la p\u00e1gina.<\/p>\n<p>Cualquier dato que sea facilitado por el usuario\/visitante de la p\u00e1gina no se ceder\u00e1 a terceros.<\/p>\n<p><strong> b) <\/strong>Buz\u00f3n de contacto a disposici\u00f3n de los clientes.<\/p>\n<p>El formulario del apartado \u201cContacto\u201d, est\u00e1 concebido como buz\u00f3n de atenci\u00f3n a los usuarios de la p\u00e1gina, para que tanto personas f\u00edsicas como jur\u00eddicas, puedan interesar informaci\u00f3n sobre las actividades desarrolladas por la entidad Parque Industrial del Mecanizado, S.L.U.<\/p>\n<p>Los datos de car\u00e1cter personal facilitados por correo electr\u00f3nico o mediante el formulario disponible en el apartado \u201cContacto\u201d ser\u00e1n incluidos en nuestro Fichero denominado \u201cClientes y proveedores\u201d y, en este caso, ser\u00e1n utilizados por PARQUE INDUSTRIAL DEL MECANIZADO, S.L.U. para contestar a las consultas que se le hayan formulado.<\/p>\n<p>La persona que al facilitar sus datos en el fichero indicado en los p\u00e1rrafos anteriores no desee recibir publicidad relacionada con la actividad desarrollada por PARQUE INDUSTRIAL DEL MECANIZADO, S.L.U. debe marcar la casilla \u201cno deseo recibir publicidad\u201d para que sus datos no sean utilizados en caso de que en alguna ocasi\u00f3n se remita informaci\u00f3n sobre las actividades de la entidad.<\/p>\n<p><strong>c) <\/strong>Derecho de acceso, oposici\u00f3n, rectificaci\u00f3n y cancelaci\u00f3n.<\/p>\n<p>Se informa que se pueden ejercitar los derechos de acceso, oposici\u00f3n, rectificaci\u00f3n y cancelaci\u00f3n de los datos personales facilitados, ante PARQUE INDUSTRIAL DEL MECANIZADO, S.L.U., P.I. Montecicos, C\/A, N12, Caba\u00f1as de Ebro (50638), Zaragoza, mediante carta remitida a dicha direcci\u00f3n<\/p>\n<p><strong>d) <\/strong>Enlaces.<\/p>\n<p>La pol\u00edtica de privacidad se\u00f1alada en este apartado s\u00f3lo es aplicable a la presente p\u00e1gina web (<a href=\"https:\/\/www.grupopim.com\">www.grupopim.com<\/a>), y no se garantiza en los accesos a trav\u00e9s de enlaces con este sitio, ni a los enlaces desde este sitio con otras webs, eximi\u00e9ndose a PARQUE INDUSTRIAL DEL MECANIZADO, S.L.U. de cualquier incumplimiento de la legislaci\u00f3n en materia de protecci\u00f3n de datos en cualquiera de dichas p\u00e1ginas.<\/p>\n<p>&nbsp;<\/p>\n<p><strong><br \/>\n<\/strong><\/p>\n<p><strong>\u00a0<\/strong><\/p>\n","protected":false},"excerpt":{"rendered":"<p>AVISO LEGAL DATOS IDENTIFICATIVOS: En cumplimiento con el deber de informaci\u00f3n recogido en el Art. 10 de la Ley 34\/2002, de 11 de julio, de Servicios de la Sociedad de la Informaci\u00f3n y el Comercio Electr\u00f3nico, a continuaci\u00f3n se indican los siguientes datos identificativos: Titular del dominio: PARQUE INDUSTRIAL MECANIZADO, S.L.U. C.I.F.: B-99.133.597 Domicilio: P.I. [&hellip;]<\/p>\n","protected":false},"author":1,"featured_media":0,"parent":0,"menu_order":0,"comment_status":"open","ping_status":"closed","template":"","meta":{"footnotes":""},"class_list":["post-3950","page","type-page","status-publish","hentry"],"aioseo_notices":[],"_links":{"self":[{"href":"https:\/\/www.grupopim.com\/mx\/wp-json\/wp\/v2\/pages\/3950","targetHints":{"allow":["GET"]}}],"collection":[{"href":"https:\/\/www.grupopim.com\/mx\/wp-json\/wp\/v2\/pages"}],"about":[{"href":"https:\/\/www.grupopim.com\/mx\/wp-json\/wp\/v2\/types\/page"}],"author":[{"embeddable":true,"href":"https:\/\/www.grupopim.com\/mx\/wp-json\/wp\/v2\/users\/1"}],"replies":[{"embeddable":true,"href":"https:\/\/www.grupopim.com\/mx\/wp-json\/wp\/v2\/comments?post=3950"}],"version-history":[{"count":2,"href":"https:\/\/www.grupopim.com\/mx\/wp-json\/wp\/v2\/pages\/3950\/revisions"}],"predecessor-version":[{"id":3957,"href":"https:\/\/www.grupopim.com\/mx\/wp-json\/wp\/v2\/pages\/3950\/revisions\/3957"}],"wp:attachment":[{"href":"https:\/\/www.grupopim.com\/mx\/wp-json\/wp\/v2\/media?parent=3950"}],"curies":[{"name":"wp","href":"https:\/\/api.w.org\/{rel}","templated":true}]}}