{"id":3895,"date":"2017-06-19T09:03:36","date_gmt":"2017-06-19T09:03:36","guid":{"rendered":"https:\/\/www.grupopim.com\/?page_id=3895\/"},"modified":"2017-06-19T09:06:09","modified_gmt":"2017-06-19T09:06:09","slug":"celulas-de-trabajo-robotizadasautomatizadas","status":"publish","type":"page","link":"https:\/\/www.grupopim.com\/mx\/soluciones-completas\/celulas-de-trabajo-robotizadasautomatizadas\/","title":{"rendered":"C\u00e9lulas de Trabajo Robotizadas\/Automatizadas"},"content":{"rendered":"\n<style type=\"text\/css\" data-created_by=\"avia_inline_auto\" id=\"style-css-av-av_heading-5ff93b140fbd2f6f0485376918e6c00f\">\n#top .av-special-heading.av-av_heading-5ff93b140fbd2f6f0485376918e6c00f{\npadding-bottom:10px;\ncolor:#18966e;\n}\nbody .av-special-heading.av-av_heading-5ff93b140fbd2f6f0485376918e6c00f .av-special-heading-tag .heading-char{\nfont-size:25px;\n}\n.av-special-heading.av-av_heading-5ff93b140fbd2f6f0485376918e6c00f .special-heading-inner-border{\nborder-color:#18966e;\n}\n.av-special-heading.av-av_heading-5ff93b140fbd2f6f0485376918e6c00f .av-subheading{\nfont-size:15px;\n}\n<\/style>\n<div  class='av-special-heading av-av_heading-5ff93b140fbd2f6f0485376918e6c00f av-special-heading-h2 custom-color-heading  avia-builder-el-0  el_before_av_one_half  avia-builder-el-first '><h2 class='av-special-heading-tag '  itemprop=\"headline\"  >C\u00e9lulas de Trabajo Robotizadas\/Automatizadas<\/h2><div class=\"special-heading-border\"><div class=\"special-heading-inner-border\"><\/div><\/div><\/div>\n<div  class='flex_column av-av_one_half-2a9015ff38129c418a3f2eafba3e9512 av_one_half  avia-builder-el-1  el_after_av_heading  el_before_av_one_half  first flex_column_div  '     ><section  class='av_textblock_section av-av_textblock-0366cc7376be6c9e82a3e9cc8987b64f '   itemscope=\"itemscope\" itemtype=\"https:\/\/schema.org\/CreativeWork\" ><div class='avia_textblock'  itemprop=\"text\" ><p>Grupo PIM, realiza proyectos llave en mano de l\u00edneas y c\u00e9lulas de fabricaci\u00f3n y ensamblaje como:<\/p>\n<ul>\n<li>Soldadura( arco , puntos , tuercas , tornillos , Pernos).<\/li>\n<li>Sellado.<\/li>\n<li>Inserci\u00f3n Bushing.<\/li>\n<li>Remachado.<\/li>\n<li>Abocardado.<\/li>\n<li>Paletizaci\u00f3n.<\/li>\n<li>Estampaci\u00f3n.<\/li>\n<li>Retrabajos.<\/li>\n<li>L\u00edneas automatizadas de ensamblaje.<\/li>\n<li>Mecanizado de composites.<\/li>\n<li>M\u00e1quinas transfer.<\/li>\n<li>L\u00edneas de ensamblaje.<\/li>\n<\/ul>\n<\/div><\/section><\/div>\n<div  class='flex_column av-av_one_half-b51168870d26eac9084c0e2dc495efe0 av_one_half  avia-builder-el-3  el_after_av_one_half  el_before_av_one_half  flex_column_div  '     ><section  class='av_textblock_section av-av_textblock-0366cc7376be6c9e82a3e9cc8987b64f '   itemscope=\"itemscope\" itemtype=\"https:\/\/schema.org\/CreativeWork\" ><div class='avia_textblock'  itemprop=\"text\" ><p>Trabajamos con las principales marcas de robots industriales:<\/p>\n<ul>\n<li>ABB<\/li>\n<li>FANUC<\/li>\n<li>KUKA<\/li>\n<li>MOTOMAN<\/li>\n<li>Integraci\u00f3n de nuevos productos en instalaciones existentes.<\/li>\n<li>Optimizaci\u00f3n de los procesos existentes para mejorar tiempo de ciclo.<\/li>\n<li>Modificaciones en los procesos productivos existentes.<\/li>\n<\/ul>\n<\/div><\/section><\/div>\n<div  class='flex_column av-av_one_half-2a9015ff38129c418a3f2eafba3e9512 av_one_half  avia-builder-el-5  el_after_av_one_half  el_before_av_one_half  first flex_column_div  column-top-margin'     ><style type=\"text\/css\" data-created_by=\"avia_inline_auto\" id=\"style-css-av-av_image-c337a3d1693c056fb9dc0f305a12d3c2\">\n.avia-image-container.av-av_image-c337a3d1693c056fb9dc0f305a12d3c2 img.avia_image{\nbox-shadow:none;\n}\n.avia-image-container.av-av_image-c337a3d1693c056fb9dc0f305a12d3c2 .av-image-caption-overlay-center{\ncolor:#ffffff;\n}\n<\/style>\n<div  class='avia-image-container av-av_image-c337a3d1693c056fb9dc0f305a12d3c2 av-styling- avia-align-center  avia-builder-el-6  avia-builder-el-no-sibling '   itemprop=\"image\" itemscope=\"itemscope\" itemtype=\"https:\/\/schema.org\/ImageObject\" ><div class=\"avia-image-container-inner\"><div class=\"avia-image-overlay-wrap\"><img decoding=\"async\" fetchpriority=\"high\" class='wp-image-3599 avia-img-lazy-loading-not-3599 avia_image ' src=\"https:\/\/www.grupopim.com\/wp-content\/uploads\/2014\/11\/celula1.jpg\" alt='' title='celula1'  height=\"242\" width=\"381\"  itemprop=\"thumbnailUrl\" srcset=\"https:\/\/www.grupopim.com\/wp-content\/uploads\/2014\/11\/celula1.jpg 381w, https:\/\/www.grupopim.com\/wp-content\/uploads\/2014\/11\/celula1-300x190.jpg 300w\" sizes=\"(max-width: 381px) 100vw, 381px\" \/><\/div><\/div><\/div><\/div><div  class='flex_column av-av_one_half-b51168870d26eac9084c0e2dc495efe0 av_one_half  avia-builder-el-7  el_after_av_one_half  avia-builder-el-last  flex_column_div  column-top-margin'     ><style type=\"text\/css\" data-created_by=\"avia_inline_auto\" id=\"style-css-av-av_image-69beb1c95d94adbf20cd4d914cb7e795\">\n.avia-image-container.av-av_image-69beb1c95d94adbf20cd4d914cb7e795 img.avia_image{\nbox-shadow:none;\n}\n.avia-image-container.av-av_image-69beb1c95d94adbf20cd4d914cb7e795 .av-image-caption-overlay-center{\ncolor:#ffffff;\n}\n<\/style>\n<div  class='avia-image-container av-av_image-69beb1c95d94adbf20cd4d914cb7e795 av-styling- avia-align-center  avia-builder-el-8  avia-builder-el-no-sibling '   itemprop=\"image\" itemscope=\"itemscope\" itemtype=\"https:\/\/schema.org\/ImageObject\" ><div class=\"avia-image-container-inner\"><div class=\"avia-image-overlay-wrap\"><img decoding=\"async\" fetchpriority=\"high\" class='wp-image-3449 avia-img-lazy-loading-not-3449 avia_image ' src=\"https:\/\/www.grupopim.com\/wp-content\/uploads\/2014\/10\/soldadura2.jpg\" alt='' title='soldadura2'  height=\"242\" width=\"381\"  itemprop=\"thumbnailUrl\" srcset=\"https:\/\/www.grupopim.com\/wp-content\/uploads\/2014\/10\/soldadura2.jpg 381w, https:\/\/www.grupopim.com\/wp-content\/uploads\/2014\/10\/soldadura2-300x190.jpg 300w\" sizes=\"(max-width: 381px) 100vw, 381px\" \/><\/div><\/div><\/div><\/div><\/p>\n","protected":false},"excerpt":{"rendered":"","protected":false},"author":1,"featured_media":0,"parent":3890,"menu_order":3,"comment_status":"open","ping_status":"closed","template":"","meta":{"footnotes":""},"class_list":["post-3895","page","type-page","status-publish","hentry"],"aioseo_notices":[],"_links":{"self":[{"href":"https:\/\/www.grupopim.com\/mx\/wp-json\/wp\/v2\/pages\/3895","targetHints":{"allow":["GET"]}}],"collection":[{"href":"https:\/\/www.grupopim.com\/mx\/wp-json\/wp\/v2\/pages"}],"about":[{"href":"https:\/\/www.grupopim.com\/mx\/wp-json\/wp\/v2\/types\/page"}],"author":[{"embeddable":true,"href":"https:\/\/www.grupopim.com\/mx\/wp-json\/wp\/v2\/users\/1"}],"replies":[{"embeddable":true,"href":"https:\/\/www.grupopim.com\/mx\/wp-json\/wp\/v2\/comments?post=3895"}],"version-history":[{"count":2,"href":"https:\/\/www.grupopim.com\/mx\/wp-json\/wp\/v2\/pages\/3895\/revisions"}],"predecessor-version":[{"id":3914,"href":"https:\/\/www.grupopim.com\/mx\/wp-json\/wp\/v2\/pages\/3895\/revisions\/3914"}],"up":[{"embeddable":true,"href":"https:\/\/www.grupopim.com\/mx\/wp-json\/wp\/v2\/pages\/3890"}],"wp:attachment":[{"href":"https:\/\/www.grupopim.com\/mx\/wp-json\/wp\/v2\/media?parent=3895"}],"curies":[{"name":"wp","href":"https:\/\/api.w.org\/{rel}","templated":true}]}}