{"id":3893,"date":"2017-06-19T09:03:29","date_gmt":"2017-06-19T09:03:29","guid":{"rendered":"https:\/\/www.grupopim.com\/?page_id=3893\/"},"modified":"2017-06-19T09:05:24","modified_gmt":"2017-06-19T09:05:24","slug":"ingenieria-y-diseno","status":"publish","type":"page","link":"https:\/\/www.grupopim.com\/mx\/soluciones-completas\/ingenieria-y-diseno\/","title":{"rendered":"Ingenier\u00eda y Dise\u00f1o"},"content":{"rendered":"\n<style type=\"text\/css\" data-created_by=\"avia_inline_auto\" id=\"style-css-av-av_heading-f28912d1e7f3cb9295d60f145dda04a8\">\n#top .av-special-heading.av-av_heading-f28912d1e7f3cb9295d60f145dda04a8{\npadding-bottom:10px;\ncolor:#18966e;\n}\nbody .av-special-heading.av-av_heading-f28912d1e7f3cb9295d60f145dda04a8 .av-special-heading-tag .heading-char{\nfont-size:25px;\n}\n.av-special-heading.av-av_heading-f28912d1e7f3cb9295d60f145dda04a8 .special-heading-inner-border{\nborder-color:#18966e;\n}\n.av-special-heading.av-av_heading-f28912d1e7f3cb9295d60f145dda04a8 .av-subheading{\nfont-size:15px;\n}\n<\/style>\n<div  class='av-special-heading av-av_heading-f28912d1e7f3cb9295d60f145dda04a8 av-special-heading-h1 custom-color-heading  avia-builder-el-0  el_before_av_one_full  avia-builder-el-first '><h1 class='av-special-heading-tag '  itemprop=\"headline\"  >Ingenier\u00eda y dise\u00f1o<\/h1><div class=\"special-heading-border\"><div class=\"special-heading-inner-border\"><\/div><\/div><\/div>\n<div  class='flex_column av-av_one_full-2a9015ff38129c418a3f2eafba3e9512 av_one_full  avia-builder-el-1  el_after_av_heading  el_before_av_one_half  first flex_column_div  '     ><section  class='av_textblock_section av-av_textblock-0366cc7376be6c9e82a3e9cc8987b64f '   itemscope=\"itemscope\" itemtype=\"https:\/\/schema.org\/CreativeWork\" ><div class='avia_textblock'  itemprop=\"text\" ><p>Nuestra Ingenier\u00eda realiza el dise\u00f1o y dimensionamiento de utillajes y c\u00e9lulas especiales a partir de especificaciones del cliente o planteamientos de funcionamiento. Realizamos estudios de Ingenier\u00eda y plasmamos propuestas de automatizaci\u00f3n de procesos de fabricaci\u00f3n repetitivos, principalmente para el sector automoci\u00f3n.<\/p>\n<p>Realizamos proyectos de fabricaci\u00f3n de maquinaria bajo la modalidad llaves mano (turnkey contracts) donde nuestra ingenier\u00eda aporta el dise\u00f1o del conjunto, la ingenier\u00eda de compras, despiece y elaboraci\u00f3n de planos de fabricaci\u00f3n, elaboraci\u00f3n de la documentaci\u00f3n t\u00e9cnica del proyecto, gesti\u00f3n de certificaciones (CE, RD\/1215, Normativa espec\u00edfica, OCA\u2019s..)<\/p>\n<p>Ofrecemos la posibilidad de digitalizaci\u00f3n de objetos de cualquier tama\u00f1o, independientemente de la complejidad de la superficie \u00f3 ubicaci\u00f3n de la pieza a escanear.<\/p>\n<\/div><\/section><\/div>\n<div  class='flex_column av-av_one_half-2a9015ff38129c418a3f2eafba3e9512 av_one_half  avia-builder-el-3  el_after_av_one_full  el_before_av_one_half  first flex_column_div  column-top-margin'     ><style type=\"text\/css\" data-created_by=\"avia_inline_auto\" id=\"style-css-av-av_image-dedf737ca7def05b436745a2a5a45afd\">\n.avia-image-container.av-av_image-dedf737ca7def05b436745a2a5a45afd img.avia_image{\nbox-shadow:none;\n}\n.avia-image-container.av-av_image-dedf737ca7def05b436745a2a5a45afd .av-image-caption-overlay-center{\ncolor:#ffffff;\n}\n<\/style>\n<div  class='avia-image-container av-av_image-dedf737ca7def05b436745a2a5a45afd av-styling- avia-align-center  avia-builder-el-4  avia-builder-el-no-sibling '   itemprop=\"image\" itemscope=\"itemscope\" itemtype=\"https:\/\/schema.org\/ImageObject\" ><div class=\"avia-image-container-inner\"><div class=\"avia-image-overlay-wrap\"><img decoding=\"async\" fetchpriority=\"high\" class='wp-image-3594 avia-img-lazy-loading-not-3594 avia_image ' src=\"https:\/\/www.grupopim.com\/wp-content\/uploads\/2014\/10\/ingenieria1.jpg\" alt='' title='ingenieria1'  height=\"416\" width=\"554\"  itemprop=\"thumbnailUrl\" srcset=\"https:\/\/www.grupopim.com\/wp-content\/uploads\/2014\/10\/ingenieria1.jpg 554w, https:\/\/www.grupopim.com\/wp-content\/uploads\/2014\/10\/ingenieria1-300x225.jpg 300w, https:\/\/www.grupopim.com\/wp-content\/uploads\/2014\/10\/ingenieria1-450x337.jpg 450w\" sizes=\"(max-width: 554px) 100vw, 554px\" \/><\/div><\/div><\/div><\/div><div  class='flex_column av-av_one_half-b51168870d26eac9084c0e2dc495efe0 av_one_half  avia-builder-el-5  el_after_av_one_half  avia-builder-el-last  flex_column_div  column-top-margin'     ><style type=\"text\/css\" data-created_by=\"avia_inline_auto\" id=\"style-css-av-av_image-1621de8b64616e4f29c790a163b936ae\">\n.avia-image-container.av-av_image-1621de8b64616e4f29c790a163b936ae img.avia_image{\nbox-shadow:none;\n}\n.avia-image-container.av-av_image-1621de8b64616e4f29c790a163b936ae .av-image-caption-overlay-center{\ncolor:#ffffff;\n}\n<\/style>\n<div  class='avia-image-container av-av_image-1621de8b64616e4f29c790a163b936ae av-styling- avia-align-center  avia-builder-el-6  avia-builder-el-no-sibling '   itemprop=\"image\" itemscope=\"itemscope\" itemtype=\"https:\/\/schema.org\/ImageObject\" ><div class=\"avia-image-container-inner\"><div class=\"avia-image-overlay-wrap\"><img decoding=\"async\" fetchpriority=\"high\" class='wp-image-3462 avia-img-lazy-loading-not-3462 avia_image ' src=\"https:\/\/www.grupopim.com\/wp-content\/uploads\/2014\/10\/mecanizacion2.jpg\" alt='' title='mecanizacion2'  height=\"416\" width=\"554\"  itemprop=\"thumbnailUrl\" srcset=\"https:\/\/www.grupopim.com\/wp-content\/uploads\/2014\/10\/mecanizacion2.jpg 554w, https:\/\/www.grupopim.com\/wp-content\/uploads\/2014\/10\/mecanizacion2-300x225.jpg 300w, https:\/\/www.grupopim.com\/wp-content\/uploads\/2014\/10\/mecanizacion2-450x337.jpg 450w\" sizes=\"(max-width: 554px) 100vw, 554px\" \/><\/div><\/div><\/div><\/div><\/p>\n","protected":false},"excerpt":{"rendered":"","protected":false},"author":1,"featured_media":0,"parent":3890,"menu_order":1,"comment_status":"open","ping_status":"closed","template":"","meta":{"footnotes":""},"class_list":["post-3893","page","type-page","status-publish","hentry"],"aioseo_notices":[],"_links":{"self":[{"href":"https:\/\/www.grupopim.com\/mx\/wp-json\/wp\/v2\/pages\/3893","targetHints":{"allow":["GET"]}}],"collection":[{"href":"https:\/\/www.grupopim.com\/mx\/wp-json\/wp\/v2\/pages"}],"about":[{"href":"https:\/\/www.grupopim.com\/mx\/wp-json\/wp\/v2\/types\/page"}],"author":[{"embeddable":true,"href":"https:\/\/www.grupopim.com\/mx\/wp-json\/wp\/v2\/users\/1"}],"replies":[{"embeddable":true,"href":"https:\/\/www.grupopim.com\/mx\/wp-json\/wp\/v2\/comments?post=3893"}],"version-history":[{"count":2,"href":"https:\/\/www.grupopim.com\/mx\/wp-json\/wp\/v2\/pages\/3893\/revisions"}],"predecessor-version":[{"id":3911,"href":"https:\/\/www.grupopim.com\/mx\/wp-json\/wp\/v2\/pages\/3893\/revisions\/3911"}],"up":[{"embeddable":true,"href":"https:\/\/www.grupopim.com\/mx\/wp-json\/wp\/v2\/pages\/3890"}],"wp:attachment":[{"href":"https:\/\/www.grupopim.com\/mx\/wp-json\/wp\/v2\/media?parent=3893"}],"curies":[{"name":"wp","href":"https:\/\/api.w.org\/{rel}","templated":true}]}}