{"id":3828,"date":"2017-06-16T12:08:14","date_gmt":"2017-06-16T12:08:14","guid":{"rendered":"https:\/\/www.grupopim.com\/?page_id=3828\/"},"modified":"2017-06-21T10:19:43","modified_gmt":"2017-06-21T10:19:43","slug":"grupo-pim","status":"publish","type":"page","link":"https:\/\/www.grupopim.com\/mx\/","title":{"rendered":"Grupo PIM"},"content":{"rendered":"<div id='layer_slider_1'  class='avia-layerslider main_color avia-shadow  avia-builder-el-0  el_before_av_one_third  avia-builder-el-first  container_wrap sidebar_right'  style='height: 471px;'  ><\/div><div id='after_layer_slider_1'  class='main_color av_default_container_wrap container_wrap sidebar_right'  ><div class='container av-section-cont-open' ><div class='template-page content  av-content-small alpha units'><div class='post-entry post-entry-type-page post-entry-3828'><div class='entry-content-wrapper clearfix'>\n<div  class='flex_column av-av_one_third-2a9015ff38129c418a3f2eafba3e9512 av_one_third  avia-builder-el-1  el_after_av_layerslider  el_before_av_one_third  avia-builder-el-first  first flex_column_div  '     ><article  class='iconbox iconbox_top av-av_icon_box-f93a24f9fdffb95f6f3119691faee481  avia-builder-el-2  avia-builder-el-no-sibling  main_color'  itemscope=\"itemscope\" itemtype=\"https:\/\/schema.org\/CreativeWork\" ><div class=\"iconbox_content\"><header class=\"entry-content-header\"><div class=\"iconbox_icon heading-color\" aria-hidden='true' data-av_icon='\ue857' data-av_iconfont='entypo-fontello'><\/div><h3 class='iconbox_content_title '  itemprop=\"headline\" ><a href='https:\/\/www.grupopim.com\/mx\/maquinado\/' title='Maquinado'  >Maquinado<\/a><\/h3><\/header><div class='iconbox_content_container '  itemprop=\"text\" ><p>Mecanizaci\u00f3n por arranque de viruta en piezas con un amplio abanico de tama\u00f1os y tonelajes . Contamos con un parque de maquinas con gran versatilidad y un equipo de profesionales con dilatada experiencia.<br \/>\nCapacidad para mecanizar piezas de hasta 10m x 4,5mx 2,5m.<\/p>\n<\/div><\/div><footer class=\"entry-footer\"><\/footer><\/article><\/div>\n\n<style type=\"text\/css\" data-created_by=\"avia_inline_auto\" id=\"style-css-av-av_one_third-0aa7055fe62c3622faec82866afbaeb2\">\n.flex_column.av-av_one_third-0aa7055fe62c3622faec82866afbaeb2{\nborder-radius:0px 0px 0px 0px;\npadding:0px 0px 0px 0px;\n}\n<\/style>\n<div  class='flex_column av-av_one_third-0aa7055fe62c3622faec82866afbaeb2 av_one_third  avia-builder-el-3  el_after_av_one_third  el_before_av_one_third  flex_column_div av-zero-column-padding  '     ><article  class='iconbox iconbox_top av-av_icon_box-ee60528212d405b94837561f8338bf74  avia-builder-el-4  avia-builder-el-no-sibling  main_color'  itemscope=\"itemscope\" itemtype=\"https:\/\/schema.org\/CreativeWork\" ><div class=\"iconbox_content\"><header class=\"entry-content-header\"><div class=\"iconbox_icon heading-color\" aria-hidden='true' data-av_icon='\ue855' data-av_iconfont='entypo-fontello'><\/div><h3 class='iconbox_content_title '  itemprop=\"headline\" ><a href='https:\/\/www.grupopim.com\/mx\/soluciones-completas\/ingenieria-y-diseno\/' title='Ingenier\u00eda y Fabricaci\u00f3n'  >Ingenier\u00eda y Fabricaci\u00f3n<\/a><\/h3><\/header><div class='iconbox_content_container '  itemprop=\"text\" ><p>Proyectos integrales de dise\u00f1o y fabricaci\u00f3n de maquinaria y l\u00edneas de producci\u00f3n automatizadas. Proyectos llave en mano de c\u00e9lulas robotizadas. Dise\u00f1o, fabricaci\u00f3n mec\u00e1nica, suministro de rob\u00f3tica y utillajes, programaci\u00f3n y puesta en marcha. Modificaciones y retrofit de maquinaria.<\/p>\n<\/div><\/div><footer class=\"entry-footer\"><\/footer><\/article><\/div>\n\n<style type=\"text\/css\" data-created_by=\"avia_inline_auto\" id=\"style-css-av-av_one_third-0aa7055fe62c3622faec82866afbaeb2\">\n.flex_column.av-av_one_third-0aa7055fe62c3622faec82866afbaeb2{\nborder-radius:0px 0px 0px 0px;\npadding:0px 0px 0px 0px;\n}\n<\/style>\n<div  class='flex_column av-av_one_third-0aa7055fe62c3622faec82866afbaeb2 av_one_third  avia-builder-el-5  el_after_av_one_third  el_before_av_one_fourth  flex_column_div av-zero-column-padding  '     ><article  class='iconbox iconbox_top av-av_icon_box-b8617d72513c71abce364ca997b6c02f  avia-builder-el-6  avia-builder-el-no-sibling  main_color'  itemscope=\"itemscope\" itemtype=\"https:\/\/schema.org\/CreativeWork\" ><div class=\"iconbox_content\"><header class=\"entry-content-header\"><div class=\"iconbox_icon heading-color\" aria-hidden='true' data-av_icon='\ue856' data-av_iconfont='entypo-fontello'><\/div><h3 class='iconbox_content_title '  itemprop=\"headline\" >Mantenimiento<\/h3><\/header><div class='iconbox_content_container '  itemprop=\"text\" ><p>Outsourcing de mantenimiento de procesos industriales. Especializaci\u00f3n del mantenimiento. Consultor\u00eda y optimizaci\u00f3n de costes de mantenimiento. Implantaci\u00f3n de GMAO\u2019s y definici\u00f3n de planes de Mantenimiento\u00a0 a medida. Contratos Win-Win referenciados a kpi\u2019s.<\/p>\n<\/div><\/div><footer class=\"entry-footer\"><\/footer><\/article><\/div><div  class='flex_column av-av_one_fourth-2a9015ff38129c418a3f2eafba3e9512 av_one_fourth  avia-builder-el-7  el_after_av_one_third  el_before_av_one_fourth  first flex_column_div  column-top-margin'     ><article  class='iconbox iconbox_left av-av_icon_box-4c1229fe01681c8ded5eafd320394aa7  avia-builder-el-8  avia-builder-el-no-sibling '  itemscope=\"itemscope\" itemtype=\"https:\/\/schema.org\/CreativeWork\" ><div class=\"iconbox_content\"><header class=\"entry-content-header\"><div class=\"iconbox_icon heading-color\" aria-hidden='true' data-av_icon='\ue8de' data-av_iconfont='entypo-fontello'><\/div><h3 class='iconbox_content_title '  itemprop=\"headline\" ><a href='https:\/\/www.grupopim.com\/mx\/grupo-pim\/instalaciones-y-recursos-en-mexico\/' title='Maquinaria'  >Maquinaria<\/a><\/h3><\/header><div class='iconbox_content_container '  itemprop=\"text\" ><p>Nuestro parque de maquinaria esta compuesto principalmente por m\u00e1quinas fresadoras\u00a0 Puente y de bancada\u00a0 con diferentes capacidades respecto a dimensiones y tonelajes de las piezas a mecanizar.<\/p>\n<\/div><\/div><footer class=\"entry-footer\"><\/footer><\/article><\/div><\/p>\n\n<style type=\"text\/css\" data-created_by=\"avia_inline_auto\" id=\"style-css-av-av_one_fourth-0aa7055fe62c3622faec82866afbaeb2\">\n.flex_column.av-av_one_fourth-0aa7055fe62c3622faec82866afbaeb2{\nborder-radius:0px 0px 0px 0px;\npadding:0px 0px 0px 0px;\n}\n<\/style>\n<div  class='flex_column av-av_one_fourth-0aa7055fe62c3622faec82866afbaeb2 av_one_fourth  avia-builder-el-9  el_after_av_one_fourth  el_before_av_one_fourth  flex_column_div av-zero-column-padding  column-top-margin'     ><article  class='iconbox iconbox_left av-av_icon_box-20d96c4c75fb398e2c8f911b50623d34  avia-builder-el-10  avia-builder-el-no-sibling '  itemscope=\"itemscope\" itemtype=\"https:\/\/schema.org\/CreativeWork\" ><div class=\"iconbox_content\"><header class=\"entry-content-header\"><div class=\"iconbox_icon heading-color\" aria-hidden='true' data-av_icon='\ue8c6' data-av_iconfont='entypo-fontello'><\/div><h3 class='iconbox_content_title '  itemprop=\"headline\" ><a href='https:\/\/www.grupopim.com\/mx\/grupo-pim\/instalaciones-y-recursos-en-espana\/' title='Metrolog\u00eda'  >Metrolog\u00eda<\/a><\/h3><\/header><div class='iconbox_content_container '  itemprop=\"text\" ><p>Toda nuestra producci\u00f3n, tanto producto terminado como fabricaci\u00f3n intermedia para desarrollos propios, es verificada por nuestro departamento de\u00a0 Metrolog\u00eda. Para ello contamos con un laboratorio de medici\u00f3n y verificaci\u00f3n<\/p>\n<\/div><\/div><footer class=\"entry-footer\"><\/footer><\/article><\/div>\n<style type=\"text\/css\" data-created_by=\"avia_inline_auto\" id=\"style-css-av-av_one_fourth-0aa7055fe62c3622faec82866afbaeb2\">\n.flex_column.av-av_one_fourth-0aa7055fe62c3622faec82866afbaeb2{\nborder-radius:0px 0px 0px 0px;\npadding:0px 0px 0px 0px;\n}\n<\/style>\n<div  class='flex_column av-av_one_fourth-0aa7055fe62c3622faec82866afbaeb2 av_one_fourth  avia-builder-el-11  el_after_av_one_fourth  el_before_av_one_fourth  flex_column_div av-zero-column-padding  column-top-margin'     ><article  class='iconbox iconbox_left av-av_icon_box-f8de66439aa19323c71fba54824ec3dd  avia-builder-el-12  avia-builder-el-no-sibling '  itemscope=\"itemscope\" itemtype=\"https:\/\/schema.org\/CreativeWork\" ><div class=\"iconbox_content\"><header class=\"entry-content-header\"><div class=\"iconbox_icon heading-color\" aria-hidden='true' data-av_icon='\ue8cc' data-av_iconfont='entypo-fontello'><\/div><h3 class='iconbox_content_title '  itemprop=\"headline\" ><a href='https:\/\/www.grupopim.com\/mx\/soluciones-completas\/caldereria-y-soldadura\/' title='Calderer\u00eda y Soldadura'  >Calderer\u00eda y Soldadura<\/a><\/h3><\/header><div class='iconbox_content_container '  itemprop=\"text\" ><p>Instalaciones\u00a0 con capacidad para la manipulaci\u00f3n y soldadura de grandes piezas y subconjuntos .Soldadores homologados en diferentes disciplinas\u00a0 y equipos de soldadura MIG\/MAG, TIG y por arco. Grupo PIM cuenta con la certificaci\u00f3n ISO 3834-2<\/p>\n<\/div><\/div><footer class=\"entry-footer\"><\/footer><\/article><\/div><\/p>\n\n<style type=\"text\/css\" data-created_by=\"avia_inline_auto\" id=\"style-css-av-av_one_fourth-0aa7055fe62c3622faec82866afbaeb2\">\n.flex_column.av-av_one_fourth-0aa7055fe62c3622faec82866afbaeb2{\nborder-radius:0px 0px 0px 0px;\npadding:0px 0px 0px 0px;\n}\n<\/style>\n<div  class='flex_column av-av_one_fourth-0aa7055fe62c3622faec82866afbaeb2 av_one_fourth  avia-builder-el-13  el_after_av_one_fourth  el_before_av_promobox  flex_column_div av-zero-column-padding  column-top-margin'     ><article  class='iconbox iconbox_left av-av_icon_box-5788590a5aa910711078a6e2856d304d  avia-builder-el-14  avia-builder-el-no-sibling '  itemscope=\"itemscope\" itemtype=\"https:\/\/schema.org\/CreativeWork\" ><div class=\"iconbox_content\"><header class=\"entry-content-header\"><div class=\"iconbox_icon heading-color\" aria-hidden='true' data-av_icon='' data-av_iconfont='entypo-fontello'><\/div><h3 class='iconbox_content_title '  itemprop=\"headline\" ><a href='https:\/\/www.grupopim.com\/mx\/grupo-pim\/instalaciones-y-recursos-en-mexico\/' title='Facilities'  >Facilities<\/a><\/h3><\/header><div class='iconbox_content_container '  itemprop=\"text\" ><p>Mas de 16.500m2 de instalaciones completamente nuevas y dotadas con los medios de transporte y manipulaci\u00f3n .<br \/>\nPuentes gr\u00faa y carretillas\u00a0 con capacidad para manipular grandes\u00a0 cargas.<br \/>\nUbicaci\u00f3n log\u00edstica estrat\u00e9gica.<\/p>\n<\/div><\/div><footer class=\"entry-footer\"><\/footer><\/article><\/div>\n<div  class='av_promobox av-av_promobox-09bc21d80fc3c66d01f3c30f7d4bc51b avia-button-yes  avia-builder-el-15  el_after_av_one_fourth  el_before_av_one_full '><div class='avia-promocontent'><p>\nGrupo PIM, soluciones completas para el sector industrial<\/p>\n<\/div><div  class='avia-button-wrap av-av_button-3ecc58f5297a077ce16b55fe0e8f00aa-wrap avia-button-right '><a href='https:\/\/www.grupopim.com\/blog\/'  class='avia-button av-av_button-3ecc58f5297a077ce16b55fe0e8f00aa av-link-btn avia-icon_select-no avia-size-large avia-position-right avia-color-theme-color'   aria-label=\"Saber m\u00e1s\"><span class='avia_iconbox_title' >Saber m\u00e1s<\/span><\/a><\/div><\/div>\n<div  class='flex_column av-av_one_full-2a9015ff38129c418a3f2eafba3e9512 av_one_full  avia-builder-el-16  el_after_av_promobox  avia-builder-el-last  first flex_column_div  '     ><p>\n<style type=\"text\/css\" data-created_by=\"avia_inline_auto\" id=\"style-css-av-av_heading-04f25cf35f29599d034424ccc68d715f\">\n#top .av-special-heading.av-av_heading-04f25cf35f29599d034424ccc68d715f{\npadding-bottom:0;\n}\nbody .av-special-heading.av-av_heading-04f25cf35f29599d034424ccc68d715f .av-special-heading-tag .heading-char{\nfont-size:25px;\n}\n.av-special-heading.av-av_heading-04f25cf35f29599d034424ccc68d715f .av-subheading{\nfont-size:10px;\n}\n<\/style>\n<div  class='av-special-heading av-av_heading-04f25cf35f29599d034424ccc68d715f av-special-heading-h4 meta-heading  avia-builder-el-17  el_before_av_blog  avia-builder-el-first '><h4 class='av-special-heading-tag '  itemprop=\"headline\"  >\u00daltimas noticias<\/h4><div class=\"special-heading-border\"><div class=\"special-heading-inner-border\"><\/div><\/div><\/div><br \/>\n<div  data-slideshow-options=\"{&quot;animation&quot;:&quot;fade&quot;,&quot;autoplay&quot;:false,&quot;loop_autoplay&quot;:&quot;once&quot;,&quot;interval&quot;:5,&quot;loop_manual&quot;:&quot;manual-endless&quot;,&quot;autoplay_stopper&quot;:false,&quot;noNavigation&quot;:false,&quot;show_slide_delay&quot;:90}\" class='avia-content-slider avia-content-grid-active avia-content-slider1 avia-content-slider-even  avia-builder-el-18  el_after_av_heading  avia-builder-el-last  av-slideshow-ui av-control-default   av-no-slider-navigation av-slideshow-manual av-loop-once av-loop-manual-endless '  itemscope=\"itemscope\" itemtype=\"https:\/\/schema.org\/Blog\" ><div class=\"avia-content-slider-inner\"><div class=\"slide-entry-wrap\"><article class='slide-entry flex_column  post-entry post-entry-3955 slide-entry-overview slide-loop-1 slide-parity-odd  av_one_fourth first fake-thumbnail posttype-page post-format-standard'  itemscope=\"itemscope\" itemtype=\"https:\/\/schema.org\/CreativeWork\" ><a href='https:\/\/www.grupopim.com\/mx\/politica-de-cookies\/' data-rel='slide-1' class='slide-image' title='Pol\u00edtica de cookies'><span class='fallback-post-type-icon' aria-hidden='true' data-av_icon='\ue836' data-av_iconfont='entypo-fontello'><\/span><span class='slider-fallback-image'><\/span><\/a><div class=\"slide-content\"><header class=\"entry-content-header\"><h3 class='slide-entry-title entry-title '  itemprop=\"headline\" ><a href='https:\/\/www.grupopim.com\/mx\/politica-de-cookies\/' title='Pol\u00edtica de cookies'>Pol\u00edtica de cookies<\/a><\/h3><span class=\"av-vertical-delimiter\"><\/span><\/header><div class='slide-entry-excerpt entry-content'  itemprop=\"text\" >Pol\u00edtica de cookies\r\nUna cookie es un peque\u00f1o fichero de texto\u2026<\/div><\/div><footer class=\"entry-footer\"><\/footer><span class='hidden'>\n\t\t\t\t<span class='av-structured-data'  itemprop=\"image\" itemscope=\"itemscope\" itemtype=\"https:\/\/schema.org\/ImageObject\" >\n\t\t\t\t\t\t<span itemprop='url'>https:\/\/www.grupopim.com\/wp-content\/uploads\/2017\/06\/mexicana_mecanizado.jpg<\/span>\n\t\t\t\t\t\t<span itemprop='height'>0<\/span>\n\t\t\t\t\t\t<span itemprop='width'>0<\/span>\n\t\t\t\t<\/span>\n\t\t\t\t<span class='av-structured-data'  itemprop=\"publisher\" itemtype=\"https:\/\/schema.org\/Organization\" itemscope=\"itemscope\" >\n\t\t\t\t\t\t<span itemprop='name'>vgs<\/span>\n\t\t\t\t\t\t<span itemprop='logo' itemscope itemtype='https:\/\/schema.org\/ImageObject'>\n\t\t\t\t\t\t\t<span itemprop='url'>https:\/\/www.grupopim.com\/wp-content\/uploads\/2017\/06\/mexicana_mecanizado.jpg<\/span>\n\t\t\t\t\t\t<\/span>\n\t\t\t\t<\/span><span class='av-structured-data'  itemprop=\"author\" itemscope=\"itemscope\" itemtype=\"https:\/\/schema.org\/Person\" ><span itemprop='name'>vgs<\/span><\/span><span class='av-structured-data'  itemprop=\"datePublished\" datetime=\"2017-06-16T12:08:14+00:00\" >2017-06-19 09:25:49<\/span><span class='av-structured-data'  itemprop=\"dateModified\" itemtype=\"https:\/\/schema.org\/dateModified\" >2017-06-19 09:25:49<\/span><span class='av-structured-data'  itemprop=\"mainEntityOfPage\" itemtype=\"https:\/\/schema.org\/mainEntityOfPage\" ><span itemprop='name'>Pol\u00edtica de cookies<\/span><\/span><\/span><\/article><article class='slide-entry flex_column  post-entry post-entry-3954 slide-entry-overview slide-loop-2 slide-parity-even  av_one_fourth  fake-thumbnail posttype-page post-format-standard'  itemscope=\"itemscope\" itemtype=\"https:\/\/schema.org\/CreativeWork\" ><a href='https:\/\/www.grupopim.com\/mx\/mas-informacion-sobre-las-cookies\/' data-rel='slide-1' class='slide-image' title='M\u00e1s informaci\u00f3n sobre las cookies'><span class='fallback-post-type-icon' aria-hidden='true' data-av_icon='\ue836' data-av_iconfont='entypo-fontello'><\/span><span class='slider-fallback-image'><\/span><\/a><div class=\"slide-content\"><header class=\"entry-content-header\"><h3 class='slide-entry-title entry-title '  itemprop=\"headline\" ><a href='https:\/\/www.grupopim.com\/mx\/mas-informacion-sobre-las-cookies\/' title='M\u00e1s informaci\u00f3n sobre las cookies'>M\u00e1s informaci\u00f3n sobre las cookies<\/a><\/h3><span class=\"av-vertical-delimiter\"><\/span><\/header><div class='slide-entry-excerpt entry-content'  itemprop=\"text\" >\u00bfQu\u00e9 es una cookie?\r\nUna cookie es un fichero de texto inofensivo\u2026<\/div><\/div><footer class=\"entry-footer\"><\/footer><span class='hidden'>\n\t\t\t\t<span class='av-structured-data'  itemprop=\"image\" itemscope=\"itemscope\" itemtype=\"https:\/\/schema.org\/ImageObject\" >\n\t\t\t\t\t\t<span itemprop='url'>https:\/\/www.grupopim.com\/wp-content\/uploads\/2017\/06\/mexicana_mecanizado.jpg<\/span>\n\t\t\t\t\t\t<span itemprop='height'>0<\/span>\n\t\t\t\t\t\t<span itemprop='width'>0<\/span>\n\t\t\t\t<\/span>\n\t\t\t\t<span class='av-structured-data'  itemprop=\"publisher\" itemtype=\"https:\/\/schema.org\/Organization\" itemscope=\"itemscope\" >\n\t\t\t\t\t\t<span itemprop='name'>vgs<\/span>\n\t\t\t\t\t\t<span itemprop='logo' itemscope itemtype='https:\/\/schema.org\/ImageObject'>\n\t\t\t\t\t\t\t<span itemprop='url'>https:\/\/www.grupopim.com\/wp-content\/uploads\/2017\/06\/mexicana_mecanizado.jpg<\/span>\n\t\t\t\t\t\t<\/span>\n\t\t\t\t<\/span><span class='av-structured-data'  itemprop=\"author\" itemscope=\"itemscope\" itemtype=\"https:\/\/schema.org\/Person\" ><span itemprop='name'>vgs<\/span><\/span><span class='av-structured-data'  itemprop=\"datePublished\" datetime=\"2017-06-16T12:08:14+00:00\" >2017-06-19 09:25:45<\/span><span class='av-structured-data'  itemprop=\"dateModified\" itemtype=\"https:\/\/schema.org\/dateModified\" >2017-06-19 09:25:45<\/span><span class='av-structured-data'  itemprop=\"mainEntityOfPage\" itemtype=\"https:\/\/schema.org\/mainEntityOfPage\" ><span itemprop='name'>M\u00e1s informaci\u00f3n sobre las cookies<\/span><\/span><\/span><\/article><article class='slide-entry flex_column  post-entry post-entry-3953 slide-entry-overview slide-loop-3 slide-parity-odd  av_one_fourth  fake-thumbnail posttype-page post-format-standard'  itemscope=\"itemscope\" itemtype=\"https:\/\/schema.org\/CreativeWork\" ><a href='https:\/\/www.grupopim.com\/mx\/blog\/' data-rel='slide-1' class='slide-image' title='Blog'><span class='fallback-post-type-icon' aria-hidden='true' data-av_icon='\ue836' data-av_iconfont='entypo-fontello'><\/span><span class='slider-fallback-image'><\/span><\/a><div class=\"slide-content\"><header class=\"entry-content-header\"><h3 class='slide-entry-title entry-title '  itemprop=\"headline\" ><a href='https:\/\/www.grupopim.com\/mx\/blog\/' title='Blog'>Blog<\/a><\/h3><span class=\"av-vertical-delimiter\"><\/span><\/header><\/div><footer class=\"entry-footer\"><\/footer><span class='hidden'>\n\t\t\t\t<span class='av-structured-data'  itemprop=\"image\" itemscope=\"itemscope\" itemtype=\"https:\/\/schema.org\/ImageObject\" >\n\t\t\t\t\t\t<span itemprop='url'>https:\/\/www.grupopim.com\/wp-content\/uploads\/2017\/06\/mexicana_mecanizado.jpg<\/span>\n\t\t\t\t\t\t<span itemprop='height'>0<\/span>\n\t\t\t\t\t\t<span itemprop='width'>0<\/span>\n\t\t\t\t<\/span>\n\t\t\t\t<span class='av-structured-data'  itemprop=\"publisher\" itemtype=\"https:\/\/schema.org\/Organization\" itemscope=\"itemscope\" >\n\t\t\t\t\t\t<span itemprop='name'>vgs<\/span>\n\t\t\t\t\t\t<span itemprop='logo' itemscope itemtype='https:\/\/schema.org\/ImageObject'>\n\t\t\t\t\t\t\t<span itemprop='url'>https:\/\/www.grupopim.com\/wp-content\/uploads\/2017\/06\/mexicana_mecanizado.jpg<\/span>\n\t\t\t\t\t\t<\/span>\n\t\t\t\t<\/span><span class='av-structured-data'  itemprop=\"author\" itemscope=\"itemscope\" itemtype=\"https:\/\/schema.org\/Person\" ><span itemprop='name'>vgs<\/span><\/span><span class='av-structured-data'  itemprop=\"datePublished\" datetime=\"2017-06-16T12:08:14+00:00\" >2017-06-19 09:25:40<\/span><span class='av-structured-data'  itemprop=\"dateModified\" itemtype=\"https:\/\/schema.org\/dateModified\" >2017-06-19 09:25:40<\/span><span class='av-structured-data'  itemprop=\"mainEntityOfPage\" itemtype=\"https:\/\/schema.org\/mainEntityOfPage\" ><span itemprop='name'>Blog<\/span><\/span><\/span><\/article><article class='slide-entry flex_column  post-entry post-entry-3951 slide-entry-overview slide-loop-4 slide-parity-even  post-entry-last  av_one_fourth  fake-thumbnail posttype-page post-format-standard'  itemscope=\"itemscope\" itemtype=\"https:\/\/schema.org\/CreativeWork\" ><a href='https:\/\/www.grupopim.com\/mx\/contacto\/' data-rel='slide-1' class='slide-image' title='Contacto'><span class='fallback-post-type-icon' aria-hidden='true' data-av_icon='\ue836' data-av_iconfont='entypo-fontello'><\/span><span class='slider-fallback-image'><\/span><\/a><div class=\"slide-content\"><header class=\"entry-content-header\"><h3 class='slide-entry-title entry-title '  itemprop=\"headline\" ><a href='https:\/\/www.grupopim.com\/mx\/contacto\/' title='Contacto'>Contacto<\/a><\/h3><span class=\"av-vertical-delimiter\"><\/span><\/header><div class='slide-entry-excerpt entry-content'  itemprop=\"text\" >\r\n\r\n\r\n\r\n<\/div><\/div><footer class=\"entry-footer\"><\/footer><span class='hidden'>\n\t\t\t\t<span class='av-structured-data'  itemprop=\"image\" itemscope=\"itemscope\" itemtype=\"https:\/\/schema.org\/ImageObject\" >\n\t\t\t\t\t\t<span itemprop='url'>https:\/\/www.grupopim.com\/wp-content\/uploads\/2017\/06\/mexicana_mecanizado.jpg<\/span>\n\t\t\t\t\t\t<span itemprop='height'>0<\/span>\n\t\t\t\t\t\t<span itemprop='width'>0<\/span>\n\t\t\t\t<\/span>\n\t\t\t\t<span class='av-structured-data'  itemprop=\"publisher\" itemtype=\"https:\/\/schema.org\/Organization\" itemscope=\"itemscope\" >\n\t\t\t\t\t\t<span itemprop='name'>vgs<\/span>\n\t\t\t\t\t\t<span itemprop='logo' itemscope itemtype='https:\/\/schema.org\/ImageObject'>\n\t\t\t\t\t\t\t<span itemprop='url'>https:\/\/www.grupopim.com\/wp-content\/uploads\/2017\/06\/mexicana_mecanizado.jpg<\/span>\n\t\t\t\t\t\t<\/span>\n\t\t\t\t<\/span><span class='av-structured-data'  itemprop=\"author\" itemscope=\"itemscope\" itemtype=\"https:\/\/schema.org\/Person\" ><span itemprop='name'>vgs<\/span><\/span><span class='av-structured-data'  itemprop=\"datePublished\" datetime=\"2017-06-16T12:08:14+00:00\" >2017-06-19 09:25:35<\/span><span class='av-structured-data'  itemprop=\"dateModified\" itemtype=\"https:\/\/schema.org\/dateModified\" >2017-06-21 10:20:47<\/span><span class='av-structured-data'  itemprop=\"mainEntityOfPage\" itemtype=\"https:\/\/schema.org\/mainEntityOfPage\" ><span itemprop='name'>Contacto<\/span><\/span><\/span><\/article><\/div><\/div><\/div><\/p><\/div>\n","protected":false},"excerpt":{"rendered":"<p>This is a Page excerpt. It will be displayed for search results<\/p>\n","protected":false},"author":1,"featured_media":0,"parent":0,"menu_order":0,"comment_status":"open","ping_status":"closed","template":"","meta":{"footnotes":""},"class_list":["post-3828","page","type-page","status-publish","hentry"],"aioseo_notices":[],"_links":{"self":[{"href":"https:\/\/www.grupopim.com\/mx\/wp-json\/wp\/v2\/pages\/3828","targetHints":{"allow":["GET"]}}],"collection":[{"href":"https:\/\/www.grupopim.com\/mx\/wp-json\/wp\/v2\/pages"}],"about":[{"href":"https:\/\/www.grupopim.com\/mx\/wp-json\/wp\/v2\/types\/page"}],"author":[{"embeddable":true,"href":"https:\/\/www.grupopim.com\/mx\/wp-json\/wp\/v2\/users\/1"}],"replies":[{"embeddable":true,"href":"https:\/\/www.grupopim.com\/mx\/wp-json\/wp\/v2\/comments?post=3828"}],"version-history":[{"count":5,"href":"https:\/\/www.grupopim.com\/mx\/wp-json\/wp\/v2\/pages\/3828\/revisions"}],"predecessor-version":[{"id":4020,"href":"https:\/\/www.grupopim.com\/mx\/wp-json\/wp\/v2\/pages\/3828\/revisions\/4020"}],"wp:attachment":[{"href":"https:\/\/www.grupopim.com\/mx\/wp-json\/wp\/v2\/media?parent=3828"}],"curies":[{"name":"wp","href":"https:\/\/api.w.org\/{rel}","templated":true}]}}